{"id":143,"date":"2021-01-25T20:56:51","date_gmt":"2021-01-25T20:56:51","guid":{"rendered":"http:\/\/tracizmir.org.tr\/?page_id=143"},"modified":"2023-12-10T13:43:36","modified_gmt":"2023-12-10T10:43:36","slug":"kurullar","status":"publish","type":"page","link":"https:\/\/tracizmir.org.tr\/index.php\/kurullar\/","title":{"rendered":"Y\u00f6netim Kurulu"},"content":{"rendered":"\n<p><strong>TRAC \u0130zmir \u015eubesi Y\u00f6netim Kurulu<\/strong><\/p>\n\n\n\n<p>Y\u00f6netim Kurulu Ba\u015fkan\u0131: H\u00fcsamettin Aks\u00f6\u011f\u00fct (TA3NE)<br>Ba\u015fkan Yard\u0131mc\u0131s\u0131: Burak ABATAY (TB3HBA)<br>Sekreter: H\u00fcseyin DURMU\u015e (TA3KHD)<br>Sayman: \u00d6zg\u00fcr \u00d6ZYURT (TA3XYZ)<br>Y\u00f6netim Kurulu \u00dcyesi: Cengiz YETER (TA3CYNL)<\/p>\n\n\n\n<p><strong>TRAC \u0130zmir \u015eubesi Denetim Kurulu<\/strong><\/p>\n\n\n\n<p>Denetim Kurulu Ba\u015fkan\u0131: Nilay \u00d6Z\u00c7ET\u0130N (TA3YJ)<br>\u00dcye: Metin \u00d6ZYAP (TA3MTO)<br>\u00dcye: Enes YILMAZ (TA3AXM)<\/p>\n","protected":false},"excerpt":{"rendered":"<p>TRAC \u0130zmir \u015eubesi Y\u00f6netim Kurulu Y\u00f6netim Kurulu Ba\u015fkan\u0131: H\u00fcsamettin Aks\u00f6\u011f\u00fct (TA3NE)Ba\u015fkan Yard\u0131mc\u0131s\u0131: Burak ABATAY (TB3HBA)Sekreter: H\u00fcseyin DURMU\u015e (TA3KHD)Sayman: \u00d6zg\u00fcr \u00d6ZYURT (TA3XYZ)Y\u00f6netim Kurulu \u00dcyesi: Cengiz YETER (TA3CYNL) TRAC \u0130zmir \u015eubesi Denetim Kurulu Denetim Kurulu Ba\u015fkan\u0131: Nilay \u00d6Z\u00c7ET\u0130N (TA3YJ)\u00dcye: Metin \u00d6ZYAP (TA3MTO)\u00dcye: Enes YILMAZ (TA3AXM)<\/p>\n","protected":false},"author":1,"featured_media":0,"parent":0,"menu_order":0,"comment_status":"closed","ping_status":"closed","template":"","meta":{"footnotes":""},"class_list":["post-143","page","type-page","status-publish","hentry"],"_links":{"self":[{"href":"https:\/\/tracizmir.org.tr\/index.php\/wp-json\/wp\/v2\/pages\/143","targetHints":{"allow":["GET"]}}],"collection":[{"href":"https:\/\/tracizmir.org.tr\/index.php\/wp-json\/wp\/v2\/pages"}],"about":[{"href":"https:\/\/tracizmir.org.tr\/index.php\/wp-json\/wp\/v2\/types\/page"}],"author":[{"embeddable":true,"href":"https:\/\/tracizmir.org.tr\/index.php\/wp-json\/wp\/v2\/users\/1"}],"replies":[{"embeddable":true,"href":"https:\/\/tracizmir.org.tr\/index.php\/wp-json\/wp\/v2\/comments?post=143"}],"version-history":[{"count":13,"href":"https:\/\/tracizmir.org.tr\/index.php\/wp-json\/wp\/v2\/pages\/143\/revisions"}],"predecessor-version":[{"id":994,"href":"https:\/\/tracizmir.org.tr\/index.php\/wp-json\/wp\/v2\/pages\/143\/revisions\/994"}],"wp:attachment":[{"href":"https:\/\/tracizmir.org.tr\/index.php\/wp-json\/wp\/v2\/media?parent=143"}],"curies":[{"name":"wp","href":"https:\/\/api.w.org\/{rel}","templated":true}]}}