{"id":717,"date":"2021-04-08T18:00:53","date_gmt":"2021-04-08T18:00:53","guid":{"rendered":"http:\/\/tracizmir.org.tr\/?page_id=717"},"modified":"2021-04-08T18:30:03","modified_gmt":"2021-04-08T18:30:03","slug":"onemli-belgeler","status":"publish","type":"page","link":"https:\/\/tracizmir.org.tr\/index.php\/onemli-belgeler\/","title":{"rendered":"\u00d6nemli belgeler"},"content":{"rendered":"\n<p>Kolluk g\u00fc\u00e7lerinin denetimine ili\u015fkin yol g\u00f6sterici belgeler<\/p>\n\n\n\n<ul class=\"wp-block-gallery columns-2 is-cropped wp-block-gallery-1 is-layout-flex wp-block-gallery-is-layout-flex\"><li class=\"blocks-gallery-item\"><figure><a href=\"https:\/\/tracizmir.org.tr\/wp-content\/uploads\/2021\/04\/BELGE_01-724x1024.jpg\"><img loading=\"lazy\" decoding=\"async\" width=\"724\" height=\"1024\" src=\"https:\/\/tracizmir.org.tr\/wp-content\/uploads\/2021\/04\/BELGE_01-724x1024.jpg\" alt=\"\" data-id=\"718\" data-link=\"https:\/\/tracizmir.org.tr\/?attachment_id=718\" class=\"wp-image-718\" srcset=\"https:\/\/tracizmir.org.tr\/wp-content\/uploads\/2021\/04\/BELGE_01-724x1024.jpg 724w, https:\/\/tracizmir.org.tr\/wp-content\/uploads\/2021\/04\/BELGE_01-212x300.jpg 212w, https:\/\/tracizmir.org.tr\/wp-content\/uploads\/2021\/04\/BELGE_01-768x1086.jpg 768w, https:\/\/tracizmir.org.tr\/wp-content\/uploads\/2021\/04\/BELGE_01.jpg 1653w\" sizes=\"auto, (max-width: 724px) 100vw, 724px\" \/><\/a><figcaption>EPSON MFP image<\/figcaption><\/figure><\/li><li class=\"blocks-gallery-item\"><figure><a href=\"https:\/\/tracizmir.org.tr\/wp-content\/uploads\/2021\/04\/BELGE_02-724x1024.jpg\"><img loading=\"lazy\" decoding=\"async\" width=\"724\" height=\"1024\" src=\"https:\/\/tracizmir.org.tr\/wp-content\/uploads\/2021\/04\/BELGE_02-724x1024.jpg\" alt=\"\" data-id=\"719\" data-link=\"https:\/\/tracizmir.org.tr\/?attachment_id=719\" class=\"wp-image-719\" srcset=\"https:\/\/tracizmir.org.tr\/wp-content\/uploads\/2021\/04\/BELGE_02-724x1024.jpg 724w, https:\/\/tracizmir.org.tr\/wp-content\/uploads\/2021\/04\/BELGE_02-212x300.jpg 212w, https:\/\/tracizmir.org.tr\/wp-content\/uploads\/2021\/04\/BELGE_02-768x1086.jpg 768w, https:\/\/tracizmir.org.tr\/wp-content\/uploads\/2021\/04\/BELGE_02.jpg 1653w\" sizes=\"auto, (max-width: 724px) 100vw, 724px\" \/><\/a><figcaption>EPSON MFP image<\/figcaption><\/figure><\/li><li class=\"blocks-gallery-item\"><figure><a href=\"https:\/\/tracizmir.org.tr\/wp-content\/uploads\/2021\/04\/BELGE_03-724x1024.jpg\"><img loading=\"lazy\" decoding=\"async\" width=\"724\" height=\"1024\" src=\"https:\/\/tracizmir.org.tr\/wp-content\/uploads\/2021\/04\/BELGE_03-724x1024.jpg\" alt=\"\" data-id=\"720\" data-link=\"https:\/\/tracizmir.org.tr\/?attachment_id=720\" class=\"wp-image-720\" srcset=\"https:\/\/tracizmir.org.tr\/wp-content\/uploads\/2021\/04\/BELGE_03-724x1024.jpg 724w, https:\/\/tracizmir.org.tr\/wp-content\/uploads\/2021\/04\/BELGE_03-212x300.jpg 212w, https:\/\/tracizmir.org.tr\/wp-content\/uploads\/2021\/04\/BELGE_03-768x1086.jpg 768w, https:\/\/tracizmir.org.tr\/wp-content\/uploads\/2021\/04\/BELGE_03.jpg 1653w\" sizes=\"auto, (max-width: 724px) 100vw, 724px\" \/><\/a><figcaption>EPSON MFP image<\/figcaption><\/figure><\/li><li class=\"blocks-gallery-item\"><figure><a href=\"https:\/\/tracizmir.org.tr\/wp-content\/uploads\/2021\/04\/BELGE_04-724x1024.jpg\"><img loading=\"lazy\" decoding=\"async\" width=\"724\" height=\"1024\" src=\"https:\/\/tracizmir.org.tr\/wp-content\/uploads\/2021\/04\/BELGE_04-724x1024.jpg\" alt=\"\" data-id=\"721\" data-link=\"https:\/\/tracizmir.org.tr\/?attachment_id=721\" class=\"wp-image-721\" srcset=\"https:\/\/tracizmir.org.tr\/wp-content\/uploads\/2021\/04\/BELGE_04-724x1024.jpg 724w, https:\/\/tracizmir.org.tr\/wp-content\/uploads\/2021\/04\/BELGE_04-212x300.jpg 212w, https:\/\/tracizmir.org.tr\/wp-content\/uploads\/2021\/04\/BELGE_04-768x1086.jpg 768w, https:\/\/tracizmir.org.tr\/wp-content\/uploads\/2021\/04\/BELGE_04.jpg 1653w\" sizes=\"auto, (max-width: 724px) 100vw, 724px\" \/><\/a><figcaption>EPSON MFP image<\/figcaption><\/figure><\/li><li class=\"blocks-gallery-item\"><figure><a href=\"https:\/\/tracizmir.org.tr\/wp-content\/uploads\/2021\/04\/BELGE_05-724x1024.jpg\"><img loading=\"lazy\" decoding=\"async\" width=\"724\" height=\"1024\" src=\"https:\/\/tracizmir.org.tr\/wp-content\/uploads\/2021\/04\/BELGE_05-724x1024.jpg\" alt=\"\" data-id=\"722\" data-link=\"https:\/\/tracizmir.org.tr\/?attachment_id=722\" class=\"wp-image-722\" srcset=\"https:\/\/tracizmir.org.tr\/wp-content\/uploads\/2021\/04\/BELGE_05-724x1024.jpg 724w, https:\/\/tracizmir.org.tr\/wp-content\/uploads\/2021\/04\/BELGE_05-212x300.jpg 212w, https:\/\/tracizmir.org.tr\/wp-content\/uploads\/2021\/04\/BELGE_05-768x1086.jpg 768w, https:\/\/tracizmir.org.tr\/wp-content\/uploads\/2021\/04\/BELGE_05.jpg 1653w\" sizes=\"auto, (max-width: 724px) 100vw, 724px\" \/><\/a><figcaption>EPSON MFP image<\/figcaption><\/figure><\/li><li class=\"blocks-gallery-item\"><figure><a href=\"https:\/\/tracizmir.org.tr\/wp-content\/uploads\/2021\/04\/BELGE_06-724x1024.jpg\"><img loading=\"lazy\" decoding=\"async\" width=\"724\" height=\"1024\" src=\"https:\/\/tracizmir.org.tr\/wp-content\/uploads\/2021\/04\/BELGE_06-724x1024.jpg\" alt=\"\" data-id=\"723\" data-link=\"https:\/\/tracizmir.org.tr\/?attachment_id=723\" class=\"wp-image-723\" srcset=\"https:\/\/tracizmir.org.tr\/wp-content\/uploads\/2021\/04\/BELGE_06-724x1024.jpg 724w, https:\/\/tracizmir.org.tr\/wp-content\/uploads\/2021\/04\/BELGE_06-212x300.jpg 212w, https:\/\/tracizmir.org.tr\/wp-content\/uploads\/2021\/04\/BELGE_06-768x1086.jpg 768w, https:\/\/tracizmir.org.tr\/wp-content\/uploads\/2021\/04\/BELGE_06.jpg 1653w\" sizes=\"auto, (max-width: 724px) 100vw, 724px\" \/><\/a><figcaption>EPSON MFP image<\/figcaption><\/figure><\/li><li class=\"blocks-gallery-item\"><figure><a href=\"https:\/\/tracizmir.org.tr\/wp-content\/uploads\/2021\/04\/BELGE_07-724x1024.jpg\"><img loading=\"lazy\" decoding=\"async\" width=\"724\" height=\"1024\" src=\"https:\/\/tracizmir.org.tr\/wp-content\/uploads\/2021\/04\/BELGE_07-724x1024.jpg\" alt=\"\" data-id=\"724\" data-link=\"https:\/\/tracizmir.org.tr\/?attachment_id=724\" class=\"wp-image-724\" srcset=\"https:\/\/tracizmir.org.tr\/wp-content\/uploads\/2021\/04\/BELGE_07-724x1024.jpg 724w, https:\/\/tracizmir.org.tr\/wp-content\/uploads\/2021\/04\/BELGE_07-212x300.jpg 212w, https:\/\/tracizmir.org.tr\/wp-content\/uploads\/2021\/04\/BELGE_07-768x1086.jpg 768w, https:\/\/tracizmir.org.tr\/wp-content\/uploads\/2021\/04\/BELGE_07.jpg 1653w\" sizes=\"auto, (max-width: 724px) 100vw, 724px\" \/><\/a><figcaption>EPSON MFP image<\/figcaption><\/figure><\/li><li class=\"blocks-gallery-item\"><figure><a href=\"https:\/\/tracizmir.org.tr\/wp-content\/uploads\/2021\/04\/BELGE_08-724x1024.jpg\"><img loading=\"lazy\" decoding=\"async\" width=\"724\" height=\"1024\" src=\"https:\/\/tracizmir.org.tr\/wp-content\/uploads\/2021\/04\/BELGE_08-724x1024.jpg\" alt=\"\" data-id=\"725\" data-link=\"https:\/\/tracizmir.org.tr\/?attachment_id=725\" class=\"wp-image-725\" srcset=\"https:\/\/tracizmir.org.tr\/wp-content\/uploads\/2021\/04\/BELGE_08-724x1024.jpg 724w, https:\/\/tracizmir.org.tr\/wp-content\/uploads\/2021\/04\/BELGE_08-212x300.jpg 212w, https:\/\/tracizmir.org.tr\/wp-content\/uploads\/2021\/04\/BELGE_08-768x1086.jpg 768w, https:\/\/tracizmir.org.tr\/wp-content\/uploads\/2021\/04\/BELGE_08.jpg 1653w\" sizes=\"auto, (max-width: 724px) 100vw, 724px\" \/><\/a><figcaption>EPSON MFP image<\/figcaption><\/figure><\/li><li class=\"blocks-gallery-item\"><figure><a href=\"https:\/\/tracizmir.org.tr\/wp-content\/uploads\/2021\/04\/BELGE_09-724x1024.jpg\"><img loading=\"lazy\" decoding=\"async\" width=\"724\" height=\"1024\" src=\"https:\/\/tracizmir.org.tr\/wp-content\/uploads\/2021\/04\/BELGE_09-724x1024.jpg\" alt=\"\" data-id=\"726\" data-link=\"https:\/\/tracizmir.org.tr\/?attachment_id=726\" class=\"wp-image-726\" srcset=\"https:\/\/tracizmir.org.tr\/wp-content\/uploads\/2021\/04\/BELGE_09-724x1024.jpg 724w, https:\/\/tracizmir.org.tr\/wp-content\/uploads\/2021\/04\/BELGE_09-212x300.jpg 212w, https:\/\/tracizmir.org.tr\/wp-content\/uploads\/2021\/04\/BELGE_09-768x1086.jpg 768w, https:\/\/tracizmir.org.tr\/wp-content\/uploads\/2021\/04\/BELGE_09.jpg 1653w\" sizes=\"auto, (max-width: 724px) 100vw, 724px\" \/><\/a><figcaption>EPSON MFP image<\/figcaption><\/figure><\/li><li class=\"blocks-gallery-item\"><figure><a href=\"https:\/\/tracizmir.org.tr\/wp-content\/uploads\/2021\/04\/BELGE_10-724x1024.jpg\"><img loading=\"lazy\" decoding=\"async\" width=\"724\" height=\"1024\" src=\"https:\/\/tracizmir.org.tr\/wp-content\/uploads\/2021\/04\/BELGE_10-724x1024.jpg\" alt=\"\" data-id=\"727\" data-link=\"https:\/\/tracizmir.org.tr\/?attachment_id=727\" class=\"wp-image-727\" srcset=\"https:\/\/tracizmir.org.tr\/wp-content\/uploads\/2021\/04\/BELGE_10-724x1024.jpg 724w, https:\/\/tracizmir.org.tr\/wp-content\/uploads\/2021\/04\/BELGE_10-212x300.jpg 212w, https:\/\/tracizmir.org.tr\/wp-content\/uploads\/2021\/04\/BELGE_10-768x1086.jpg 768w, https:\/\/tracizmir.org.tr\/wp-content\/uploads\/2021\/04\/BELGE_10.jpg 1653w\" sizes=\"auto, (max-width: 724px) 100vw, 724px\" \/><\/a><figcaption>EPSON MFP image<\/figcaption><\/figure><\/li><\/ul>\n","protected":false},"excerpt":{"rendered":"<p>Kolluk g\u00fc\u00e7lerinin denetimine ili\u015fkin yol g\u00f6sterici belgeler<\/p>\n","protected":false},"author":1,"featured_media":0,"parent":0,"menu_order":0,"comment_status":"closed","ping_status":"closed","template":"","meta":{"footnotes":""},"class_list":["post-717","page","type-page","status-publish","hentry"],"_links":{"self":[{"href":"https:\/\/tracizmir.org.tr\/index.php\/wp-json\/wp\/v2\/pages\/717","targetHints":{"allow":["GET"]}}],"collection":[{"href":"https:\/\/tracizmir.org.tr\/index.php\/wp-json\/wp\/v2\/pages"}],"about":[{"href":"https:\/\/tracizmir.org.tr\/index.php\/wp-json\/wp\/v2\/types\/page"}],"author":[{"embeddable":true,"href":"https:\/\/tracizmir.org.tr\/index.php\/wp-json\/wp\/v2\/users\/1"}],"replies":[{"embeddable":true,"href":"https:\/\/tracizmir.org.tr\/index.php\/wp-json\/wp\/v2\/comments?post=717"}],"version-history":[{"count":1,"href":"https:\/\/tracizmir.org.tr\/index.php\/wp-json\/wp\/v2\/pages\/717\/revisions"}],"predecessor-version":[{"id":728,"href":"https:\/\/tracizmir.org.tr\/index.php\/wp-json\/wp\/v2\/pages\/717\/revisions\/728"}],"wp:attachment":[{"href":"https:\/\/tracizmir.org.tr\/index.php\/wp-json\/wp\/v2\/media?parent=717"}],"curies":[{"name":"wp","href":"https:\/\/api.w.org\/{rel}","templated":true}]}}