{"id":741,"date":"2021-04-09T21:24:40","date_gmt":"2021-04-09T21:24:40","guid":{"rendered":"http:\/\/tracizmir.org.tr\/?page_id=741"},"modified":"2021-04-09T21:24:41","modified_gmt":"2021-04-09T21:24:41","slug":"frekans-tahsisinden-muaf-telsiz-cihaz-ve-sistemleri-hakkinda-yonetmelik","status":"publish","type":"page","link":"https:\/\/tracizmir.org.tr\/index.php\/bilgi\/frekans-tahsisinden-muaf-telsiz-cihaz-ve-sistemleri-hakkinda-yonetmelik\/","title":{"rendered":"Frekans Tahsisinden Muaf Telsiz Cihaz Ve Sistemleri Hakk\u0131nda Y\u00f6netmelik"},"content":{"rendered":"\n<p>Bilgi Teknolojileri ve \u0130leti\u015fim Kurumundan:<\/p>\n\n\n\n<p><strong>FREKANS TAHS\u0130S\u0130NDEN MUAF TELS\u0130Z C\u0130HAZ VE S\u0130STEMLER\u0130 HAKKINDA Y\u00d6NETMEL\u0130K<\/strong><\/p>\n\n\n\n<p><strong>B\u0130R\u0130NC\u0130 B\u00d6L\u00dcM<\/strong><\/p>\n\n\n\n<p><strong>Ama\u00e7, Kapsam, Dayanak ve Tan\u0131mlar<\/strong><\/p>\n\n\n\n<p><strong>Ama\u00e7<\/strong><\/p>\n\n\n\n<p><strong>MADDE 1 \u2013<\/strong>&nbsp;(1) Bu Y\u00f6netmeli\u011fin amac\u0131 telsiz ruhsatnamesi, telsiz kurma ve kullanma izni ile frekans tahsis ve tescil i\u015flemlerinden muaf telsiz cihaz ve sistemlerine ili\u015fkin usul ve esaslar\u0131 belirlemektir.<\/p>\n\n\n\n<p><strong>Kapsam<\/strong><\/p>\n\n\n\n<p><strong>MADDE 2 \u2013&nbsp;<\/strong>(1) Bu Y\u00f6netmelik telsiz ruhsatnamesi, telsiz kurma ve kullanma izni ile frekans tahsis ve tescil i\u015flemlerinden muaf telsiz cihaz ve sistemlerini kapsar.<\/p>\n\n\n\n<p><strong>Dayanak<\/strong><\/p>\n\n\n\n<p><strong>MADDE 3 \u2013&nbsp;<\/strong>(1) Bu Y\u00f6netmelik, 5\/11\/2008 tarihli ve 5809 say\u0131l\u0131 Elektronik Haberle\u015fme Kanununun 6 nc\u0131, 36 nc\u0131, 37 nci ve 40 \u0131nc\u0131 maddelerine dayan\u0131larak haz\u0131rlanm\u0131\u015ft\u0131r.<\/p>\n\n\n\n<p><strong>Tan\u0131mlar<\/strong><\/p>\n\n\n\n<p><strong>MADDE 4 \u2013<\/strong>&nbsp;(1) Bu Y\u00f6netmelikte yer alan;<\/p>\n\n\n\n<p>a) Kanun: 5\/11\/2008 tarihli ve 5809 say\u0131l\u0131 Elektronik Haberle\u015fme Kanununu,<\/p>\n\n\n\n<p>b) Kurul: Bilgi Teknolojileri ve \u0130leti\u015fim Kurulunu,<\/p>\n\n\n\n<p>c) Kurum: Bilgi Teknolojileri ve \u0130leti\u015fim Kurumunu,<\/p>\n\n\n\n<p>\u00e7) Teknik \u00d6l\u00e7\u00fctler: Bu Y\u00f6netmeli\u011fin 5 inci maddesinin birinci f\u0131kras\u0131nda tan\u0131mlanan muafiyetin sa\u011flanmas\u0131 i\u00e7in telsiz cihaz ve sistemlerinin sa\u011flamas\u0131 gereken \u00f6l\u00e7\u00fctleri i\u00e7eren ve Kurum taraf\u0131ndan belirlenerek Kurumun resm\u00ee internet sitesinde yay\u0131mlanan Frekans Tahsisinden Muaf Telsiz Cihaz ve Sistemlerine \u0130li\u015fkin Teknik \u00d6l\u00e7\u00fctleri,<\/p>\n\n\n\n<p>ifade eder.<\/p>\n\n\n\n<p>(2) Bu Y\u00f6netmelikte ge\u00e7en ancak birinci f\u0131krada tan\u0131mlanmayan kavramlar i\u00e7in ilgili mevzuatta yer alan tan\u0131mlar ge\u00e7erlidir.<\/p>\n\n\n\n<p><strong>\u0130K\u0130NC\u0130 B\u00d6L\u00dcM<\/strong><\/p>\n\n\n\n<p><strong>Genel Esaslar ve Teknik \u00d6l\u00e7\u00fctler<\/strong><\/p>\n\n\n\n<p><strong>Genel esaslar<\/strong><\/p>\n\n\n\n<p><strong>MADDE 5 \u2013<\/strong>&nbsp;(1) Teknik \u00d6l\u00e7\u00fctlerde belirlenen teknik ve usullere uygun telsiz cihaz ve sistemleri; telsiz ruhsatnamesi, telsiz kurma ve kullanma izni ile frekans tahsis ve tescil i\u015flemlerinden muaft\u0131r. Muafiyet, Teknik \u00d6l\u00e7\u00fctlere uygunlu\u011fun kayb\u0131yla sona erer.<\/p>\n\n\n\n<p>(2) Birinci f\u0131kradaki muafiyet, s\u00f6z konusu telsiz cihaz ve sistemlere y\u00f6nelik olarak; yetkilendirme, spektrumun izlenmesi ve denetimi, piyasa g\u00f6zetimi ve denetimi, haberle\u015fmenin ve ki\u015fisel verilerin gizlili\u011fi d\u00e2hil olmak \u00fczere ilgili mevzuatta yer alan di\u011fer y\u00fck\u00fcml\u00fcl\u00fcklerden herhangi bir muafiyet sa\u011flamaz ve s\u00f6z konusu y\u00fck\u00fcml\u00fcl\u00fcklerin yerine getirilmemesi i\u00e7in dayanak te\u015fkil etmez.<\/p>\n\n\n\n<p>(3) Birinci f\u0131kradaki muafiyet kapsam\u0131ndaki telsiz cihaz ve sistemleri, di\u011fer telsiz cihaz ve sistemlerine zararl\u0131 elektromanyetik giri\u015fime neden olmadan ve bunlardan kaynaklanan elektromanyetik giri\u015fime kar\u015f\u0131 koruma talep etmeden kullan\u0131lmak zorundad\u0131r. Bu cihaz ve sistemleri kullananlar bu f\u0131kradaki y\u00fck\u00fcml\u00fcl\u00fckleri kabul etmi\u015f say\u0131l\u0131rlar.<\/p>\n\n\n\n<p>(4) Telsiz cihaz ve sistemlerinin Teknik \u00d6l\u00e7\u00fctler d\u0131\u015f\u0131nda kullan\u0131lmak istenmesi durumunda, telsiz kurma ve kullanma izni ve frekans tahsis ve tescili i\u00e7in Kuruma ba\u015fvurulur.<\/p>\n\n\n\n<p><strong>Teknik \u00f6l\u00e7\u00fctler<\/strong><\/p>\n\n\n\n<p><strong>MADDE 6 \u2013&nbsp;<\/strong>(1) Teknik \u00d6l\u00e7\u00fctler Kurum taraf\u0131ndan belirlenerek Kurumun resm\u00ee internet sitesinde yay\u0131mlan\u0131r; teknolojik geli\u015fmeler, \u00fclkemizin taraf oldu\u011fu uluslararas\u0131 kurulu\u015flar\u0131n kararlar\u0131 do\u011frultusunda yap\u0131labilecek yeni planlamalar ve ulusal ihtiya\u00e7lar \u00e7er\u00e7evesinde g\u00fcncellenebilir.<\/p>\n\n\n\n<p><strong>\u00dc\u00c7\u00dcNC\u00dc B\u00d6L\u00dcM<\/strong><\/p>\n\n\n\n<p><strong>\u00c7e\u015fitli ve Son H\u00fck\u00fcmler<\/strong><\/p>\n\n\n\n<p><strong>Yapt\u0131r\u0131mlar<\/strong><\/p>\n\n\n\n<p><strong>MADDE 7 \u2013&nbsp;<\/strong>(1) Telsiz cihaz ve sistemlerinin bu Y\u00f6netmelikte belirlenen muafiyet kapsam\u0131 d\u0131\u015f\u0131nda ve mevzuata ayk\u0131r\u0131 bi\u00e7imde kullan\u0131lmas\u0131 durumunda; ihlalde bulunanlar hakk\u0131nda, Kanunun 63 \u00fcnc\u00fc maddesinin d\u00f6rd\u00fcnc\u00fc ve be\u015finci f\u0131kralar\u0131 ve ilgili di\u011fer mevzuat uyar\u0131nca i\u015flem tesis edilir.<\/p>\n\n\n\n<p><strong>At\u0131flar<\/strong><\/p>\n\n\n\n<p><strong>MADDE 8 \u2013<\/strong>&nbsp;(1) Di\u011fer mevzuatta 11\/9\/2012 tarihli ve 28408 say\u0131l\u0131 Resm\u00ee Gazete\u2019de yay\u0131mlanan K\u0131sa Mesafe Eri\u015fimli Telsiz (KET) Cihazlar\u0131 Hakk\u0131nda Y\u00f6netmeli\u011fe, 18\/7\/2009 tarihli ve 27292 say\u0131l\u0131 Resm\u00ee Gazete\u2019de yay\u0131mlanan \u00d6zel Telsiz Sistemleri Y\u00f6netmeli\u011fine ve 8\/3\/1986 tarihli ve 19041 say\u0131l\u0131 Resm\u00ee Gazete\u2019de yay\u0131mlanan Otomatik Frekans Tarama \u00d6zellikli Telsiz Cihazlar\u0131 Y\u00f6netmeli\u011fine yap\u0131lan at\u0131flar bu Y\u00f6netmeli\u011fe yap\u0131lm\u0131\u015f say\u0131l\u0131r.<\/p>\n\n\n\n<p><strong>Y\u00fcr\u00fcrl\u00fckten kald\u0131r\u0131lan mevzuat<\/strong><\/p>\n\n\n\n<p><strong>MADDE 9 \u2013<\/strong>&nbsp;(1) 11\/9\/2012 tarihli ve 28408 say\u0131l\u0131 Resm\u00ee Gazete\u2019de yay\u0131mlanan K\u0131sa Mesafe Eri\u015fimli Telsiz (KET) Cihazlar\u0131 Hakk\u0131nda Y\u00f6netmelik y\u00fcr\u00fcrl\u00fckten kald\u0131r\u0131lm\u0131\u015ft\u0131r.<\/p>\n\n\n\n<p>(2) 18\/7\/2009 tarihli ve 27292 say\u0131l\u0131 Resm\u00ee Gazete\u2019de yay\u0131mlanan \u00d6zel Telsiz Sistemleri Y\u00f6netmeli\u011fi y\u00fcr\u00fcrl\u00fckten kald\u0131r\u0131lm\u0131\u015ft\u0131r.<\/p>\n\n\n\n<p><strong>Mevcut telsiz cihaz ve sistemlerine y\u00f6nelik uygulama<\/strong><\/p>\n\n\n\n<p><strong>GE\u00c7\u0130C\u0130 MADDE 1 \u2013&nbsp;<\/strong>(1) Bu Y\u00f6netmeli\u011fin y\u00fcr\u00fcrl\u00fc\u011fe girdi\u011fi tarihten \u00f6nce Kurum taraf\u0131ndan frekans tahsisi yap\u0131lm\u0131\u015f ve ruhsata ba\u011flanm\u0131\u015f telsiz cihaz ve sistemlerinden, bu Y\u00f6netmeli\u011fin 5 inci maddesinin birinci f\u0131kras\u0131 kapsam\u0131nda olanlar\u0131n ruhsatnameleri iptal edilmi\u015f say\u0131l\u0131r. S\u00f6z konusu telsiz cihaz ve sistemleri, bu Y\u00f6netmeli\u011fin yay\u0131m\u0131 tarihinden itibaren bu Y\u00f6netmelik \u00e7er\u00e7evesinde kullan\u0131lmaya devam edilir.<\/p>\n\n\n\n<p>(2) \u0130ptal edilmi\u015f say\u0131lan ruhsatnamelere ili\u015fkin herhangi bir \u00fccret iadesi yap\u0131lmaz.<\/p>\n\n\n\n<p>(3) 11\/9\/2012 tarihli ve 28408 say\u0131l\u0131 Resm\u00ee Gazete\u2019de yay\u0131mlanan K\u0131sa Mesafe Eri\u015fimli Telsiz (KET) Cihazlar\u0131 Hakk\u0131nda Y\u00f6netmelik kapsam\u0131nda telsiz cihaz ve sistemlerini kullananlar, bu Y\u00f6netmeli\u011fin yay\u0131m tarihinden itibaren 6 (alt\u0131) ay i\u00e7erisinde mevcut cihaz ve sistemlerin frekanslar\u0131n\u0131, g\u00fc\u00e7lerini ve di\u011fer teknik \u00f6zelliklerini, kullan\u0131m yeri ve di\u011fer k\u0131s\u0131tlamalar\u0131 da dikkate alarak Teknik \u00d6l\u00e7\u00fctlerde belirtilen de\u011ferlere uygun hale getirmekle y\u00fck\u00fcml\u00fcd\u00fcr.<\/p>\n\n\n\n<p><strong>Y\u00fcr\u00fcrl\u00fck<\/strong><\/p>\n\n\n\n<p><strong>MADDE 10 \u2013&nbsp;<\/strong>(1) Bu Y\u00f6netmelik yay\u0131m\u0131 tarihinde y\u00fcr\u00fcrl\u00fc\u011fe girer.<\/p>\n\n\n\n<p><strong>Y\u00fcr\u00fctme<\/strong><\/p>\n\n\n\n<p><strong>MADDE 11 \u2013&nbsp;<\/strong>(1) Bu Y\u00f6netmelik h\u00fck\u00fcmlerini Bilgi Teknolojileri ve \u0130leti\u015fim Kurulu Ba\u015fkan\u0131 y\u00fcr\u00fct\u00fcr.<\/p>\n\n\n\n<p>27 Kas\u0131m 2018 Sal\u0131 tarihli ve 30608 Say\u0131l\u0131 Resmi Gazete\u2019de yay\u0131mlanm\u0131\u015ft\u0131r.<\/p>\n","protected":false},"excerpt":{"rendered":"<p>Bilgi Teknolojileri ve \u0130leti\u015fim Kurumundan: FREKANS TAHS\u0130S\u0130NDEN MUAF TELS\u0130Z C\u0130HAZ VE S\u0130STEMLER\u0130 HAKKINDA Y\u00d6NETMEL\u0130K B\u0130R\u0130NC\u0130 B\u00d6L\u00dcM Ama\u00e7, Kapsam, Dayanak ve Tan\u0131mlar Ama\u00e7 MADDE 1 \u2013&nbsp;(1) Bu Y\u00f6netmeli\u011fin amac\u0131 telsiz ruhsatnamesi, telsiz kurma ve kullanma izni ile frekans tahsis ve tescil i\u015flemlerinden muaf telsiz cihaz ve sistemlerine ili\u015fkin usul ve esaslar\u0131 belirlemektir. Kapsam MADDE 2 \u2013&nbsp;(1) &hellip; <\/p>\n<p class=\"link-more\"><a href=\"https:\/\/tracizmir.org.tr\/index.php\/bilgi\/frekans-tahsisinden-muaf-telsiz-cihaz-ve-sistemleri-hakkinda-yonetmelik\/\" class=\"more-link\">Okumaya devam et<span class=\"screen-reader-text\"> &#8220;Frekans Tahsisinden Muaf Telsiz Cihaz Ve Sistemleri Hakk\u0131nda Y\u00f6netmelik&#8221;<\/span><\/a><\/p>\n","protected":false},"author":1,"featured_media":0,"parent":277,"menu_order":0,"comment_status":"closed","ping_status":"closed","template":"","meta":{"footnotes":""},"class_list":["post-741","page","type-page","status-publish","hentry"],"_links":{"self":[{"href":"https:\/\/tracizmir.org.tr\/index.php\/wp-json\/wp\/v2\/pages\/741","targetHints":{"allow":["GET"]}}],"collection":[{"href":"https:\/\/tracizmir.org.tr\/index.php\/wp-json\/wp\/v2\/pages"}],"about":[{"href":"https:\/\/tracizmir.org.tr\/index.php\/wp-json\/wp\/v2\/types\/page"}],"author":[{"embeddable":true,"href":"https:\/\/tracizmir.org.tr\/index.php\/wp-json\/wp\/v2\/users\/1"}],"replies":[{"embeddable":true,"href":"https:\/\/tracizmir.org.tr\/index.php\/wp-json\/wp\/v2\/comments?post=741"}],"version-history":[{"count":1,"href":"https:\/\/tracizmir.org.tr\/index.php\/wp-json\/wp\/v2\/pages\/741\/revisions"}],"predecessor-version":[{"id":742,"href":"https:\/\/tracizmir.org.tr\/index.php\/wp-json\/wp\/v2\/pages\/741\/revisions\/742"}],"up":[{"embeddable":true,"href":"https:\/\/tracizmir.org.tr\/index.php\/wp-json\/wp\/v2\/pages\/277"}],"wp:attachment":[{"href":"https:\/\/tracizmir.org.tr\/index.php\/wp-json\/wp\/v2\/media?parent=741"}],"curies":[{"name":"wp","href":"https:\/\/api.w.org\/{rel}","templated":true}]}}